{"id":165,"date":"2019-08-01T06:14:01","date_gmt":"2019-08-01T06:14:01","guid":{"rendered":"http:\/\/hemueller.com\/?page_id=165"},"modified":"2025-10-05T14:20:32","modified_gmt":"2025-10-05T14:20:32","slug":"test","status":"publish","type":"page","link":"https:\/\/hemueller.de\/?page_id=165","title":{"rendered":"Profil"},"content":{"rendered":"\n<figure class=\"wp-block-gallery has-nested-images columns-4 is-cropped wp-block-gallery-1 is-layout-flex wp-block-gallery-is-layout-flex\">\n<figure class=\"wp-block-image size-large\"><img loading=\"lazy\" decoding=\"async\" width=\"160\" height=\"160\" data-id=\"99\" src=\"https:\/\/hemueller.de\/wp-content\/uploads\/2019\/07\/logogrun-e1611425035180.jpg\" alt=\"\" class=\"wp-image-99\"\/><\/figure>\n\n\n\n<figure class=\"wp-block-image size-large\"><img loading=\"lazy\" decoding=\"async\" width=\"160\" height=\"160\" data-id=\"98\" src=\"https:\/\/hemueller.de\/wp-content\/uploads\/2019\/07\/start_veroffentlichungengelb-e1611425015617.jpg\" alt=\"\" class=\"wp-image-98\"\/><\/figure>\n\n\n\n<figure class=\"wp-block-image size-large\"><img loading=\"lazy\" decoding=\"async\" width=\"160\" height=\"160\" data-id=\"97\" src=\"https:\/\/hemueller.de\/wp-content\/uploads\/2019\/07\/start_hem_rot-e1611424998755.jpg\" alt=\"\" class=\"wp-image-97\"\/><\/figure>\n\n\n\n<figure class=\"wp-block-image size-large\"><img loading=\"lazy\" decoding=\"async\" width=\"160\" height=\"160\" data-id=\"96\" src=\"https:\/\/hemueller.de\/wp-content\/uploads\/2019\/07\/start_beratungblau-e1611424970554.jpg\" alt=\"\" class=\"wp-image-96\"\/><\/figure>\n<\/figure>\n\n\n\n<h3 class=\"wp-block-heading\">Hattrick: HWR-Jahrgangsbeste<\/h3>\n\n\n\n<p><a href=\"https:\/\/de.linkedin.com\/in\/andreas-scheel-00287915\" target=\"_blank\" rel=\"noreferrer noopener\">Andreas Scheel<\/a>&nbsp;<em>(2010),&nbsp;<\/em><a rel=\"noreferrer noopener\" aria-label=\"Martin Wrobel&nbsp; (\u00f6ffnet in neuem Tab)\" href=\"https:\/\/www.th-brandenburg.de\/mitarbeiterseiten\/fbw\/martin-wrobel\/\" target=\"_blank\">Martin Wrobel<\/a><em><a rel=\"noreferrer noopener\" aria-label=\"Martin Wrobel&nbsp; (\u00f6ffnet in neuem Tab)\" href=\"https:\/\/www.th-brandenburg.de\/mitarbeiterseiten\/fbw\/martin-wrobel\/\" target=\"_blank\">&nbsp;<\/a>(2008),<\/em><br><a rel=\"noreferrer noopener\" aria-label=\"Yasmine Chahed (\u00f6ffnet in neuem Tab)\" href=\"https:\/\/www.icgn.org\/speakers\/dr-yasmine-chahedlecturer-accounting-london-school-economics-and-political-science\" target=\"_blank\">Yasmine Chahed<\/a><em> (2004)<\/em><\/p>\n\n\n\n<h3 class=\"wp-block-heading\">Unternehmensf\u00fchrung \/ Strategie<\/h3>\n\n\n<div class=\"wp-block-image is-style-default\">\n<figure class=\"alignleft size-large is-resized\"><img loading=\"lazy\" decoding=\"async\" width=\"725\" height=\"1024\" src=\"https:\/\/hemueller.de\/wp-content\/uploads\/2025\/07\/mark_cov_9783111453637-1-725x1024.jpeg\" alt=\"\" class=\"wp-image-596\" style=\"width:178px;height:auto\" srcset=\"https:\/\/hemueller.de\/wp-content\/uploads\/2025\/07\/mark_cov_9783111453637-1-725x1024.jpeg 725w, https:\/\/hemueller.de\/wp-content\/uploads\/2025\/07\/mark_cov_9783111453637-1-212x300.jpeg 212w, https:\/\/hemueller.de\/wp-content\/uploads\/2025\/07\/mark_cov_9783111453637-1-768x1085.jpeg 768w, https:\/\/hemueller.de\/wp-content\/uploads\/2025\/07\/mark_cov_9783111453637-1.jpeg 827w\" sizes=\"auto, (max-width: 725px) 100vw, 725px\" \/><\/figure>\n<\/div>\n\n\n<p>Hans-Erich M\u00fcller\/Martin Wrobel: Unternehmensf\u00fchrung. Strategie &#8211; Management &#8211; Praxis. 5. vollst\u00e4ndig \u00fcberarbeitete und erweiterte Auflage. Berlin\/Boston 2025. (<a href=\"https:\/\/selmanclips.com\/wp-content\/uploads\/2025\/10\/flyer-unternehmensfuehrung.pdf\">Flyer<\/a>)<\/p>\n\n\n\n<p><a aria-label=\" (\u00f6ffnet in neuem Tab)\" href=\"http:\/\/hemueller.de\/wp-content\/uploads\/2019\/07\/hem_sm.pdf\" target=\"_blank\" rel=\"noreferrer noopener\">\u201eEin&nbsp;grundlegend neuer, integrierter Ansatz&nbsp;f\u00fcr Managementlehre und Unternehmenspraxis\u201c<\/a><\/p>\n\n\n\n<p>Mit&nbsp;Videoclips unter <a href=\"https:\/\/selmanclips.com\" target=\"_blank\" rel=\"noreferrer noopener\">Selected Management Clips<\/a><\/p>\n\n\n\n<ul class=\"wp-block-list\">\n<li><a href=\"https:\/\/selmanclips.com\/wp-content\/uploads\/2025\/10\/muellerwrobel-2025_unternehmensfuehrung_rezensionsuebersicht-1.pdf\">Stimmen und Rezensionen zu den Auflagen seit 2010<\/a><\/li>\n\n\n\n<li><a href=\"http:\/\/hemueller.de\/wp-content\/uploads\/2021\/02\/Selmanclips-2021.pdf\" target=\"_blank\" rel=\"noreferrer noopener\">Blended Learning: Selected Management Clips<\/a><\/li>\n\n\n\n<li><a href=\"http:\/\/hemueller.de\/wp-content\/uploads\/2021\/02\/quiz4a.pdf\" target=\"_blank\" rel=\"noreferrer noopener\">Blended Learning: Strategie-Quiz mit Kahoot<\/a> <\/li>\n<\/ul>\n\n\n\n<h3 class=\"wp-block-heading\">Performance &amp; Executive Pay<\/h3>\n\n\n<div class=\"wp-block-image is-resized\">\n<figure class=\"alignleft\"><img loading=\"lazy\" decoding=\"async\" width=\"291\" height=\"450\" src=\"http:\/\/hemueller.de\/wp-content\/uploads\/2019\/07\/umv-2.jpg\" alt=\"\" class=\"wp-image-137\" style=\"width:153px;height:auto\" srcset=\"https:\/\/hemueller.de\/wp-content\/uploads\/2019\/07\/umv-2.jpg 291w, https:\/\/hemueller.de\/wp-content\/uploads\/2019\/07\/umv-2-194x300.jpg 194w\" sizes=\"auto, (max-width: 291px) 100vw, 291px\" \/><\/figure>\n<\/div>\n\n\n<p>Vorstandsverg\u00fctung<a href=\"http:\/\/hemueller.de\/wp-content\/uploads\/2019\/08\/hemueller_ar_03_07.pdf\">:&nbsp;Erfolgskriterien f\u00fcr die angemessene Vorstandsverg\u00fctung<\/a><\/p>\n\n\n\n<p>Yasmine Chahed und Hans-Erich Mueller:<br><a rel=\"noreferrer noopener\" href=\"http:\/\/www.hemueller.de\/files\/chahed_mueller.pdf\" target=\"_blank\">Unternehmenserfolg und Managerverg\u00fctung<\/a><br>Ein internationaler Vergleich<br>Rainer Hampp Verlag: M\u00fcnchen und Mehring 2006, 141S<strong>.<\/strong><br><br>Rezensionen<strong>: <\/strong>Personal 10-2006;&nbsp;Personalf\u00fchrung<a rel=\"noreferrer noopener\" target=\"_blank\" href=\"http:\/\/www1.dgfp.com\/dgfp\/data\/pages\/DGFP_e.V\/Produkte_-_Dienstleistungen\/Zeitschrift_Personalfuehrung\/\"> <\/a>3\/2007;Mitbestimmung 3\/2007; Zeitschrift f\u00fcr&nbsp;Personalforschung 1\/2008<\/p>\n\n\n\n<p><strong>Shareholder Value:<\/strong>&nbsp;<a href=\"http:\/\/hemueller.de\/wp-content\/uploads\/2019\/08\/konzst.pdf\" target=\"_blank\" rel=\"noreferrer noopener\" aria-label=\"Konzernsteuerung b\u00f6rsennotierter Aktiengesellschaften in Deutschland (\u00f6ffnet in neuem Tab)\">Konzernsteuerung b\u00f6rsennotierter Aktiengesellschaften in Deutschland<\/a><\/p>\n\n\n\n<p><strong>Blog:&nbsp;<\/strong><a href=\"https:\/\/hemueller.wordpress.com\/\" target=\"_blank\" rel=\"noreferrer noopener\">Executive Pay &amp; Managerverg\u00fctung<\/a><\/p>\n\n\n\n<p><strong>Related sources:<\/strong>&nbsp;<a rel=\"noreferrer noopener\" href=\"http:\/\/www.csun.edu\/~dgw61315\/Greedcycle.doc\" target=\"_blank\">Cassidy<\/a>;&nbsp;<a rel=\"noreferrer noopener\" href=\"http:\/\/query.nytimes.com\/gst\/fullpage.html?res=9505EFD9113AF933A15753C1A9649C8B63\" target=\"_blank\">Krugman<\/a>;<a rel=\"noreferrer noopener\" href=\"http:\/\/www.handelsblatt.com\/news\/Politik\/%C3%96konomische-Nachrichten\/_pv\/_p\/302030\/_t\/ft\/_b\/1258596\/default.aspx\/palaeste-als-verkaufssignal.html\" target=\"_blank\">&nbsp;Pal\u00e4ste als Verkaufsignal<\/a>;&nbsp;<a rel=\"noreferrer noopener\" href=\"http:\/\/www.economist.com\/specialreports\/displaystory.cfm?story_id=8513949\" target=\"_blank\">Economist<\/a>;&nbsp;<a rel=\"noreferrer noopener\" href=\"http:\/\/search.ft.com\/ftArticle?queryText=executive+pay&amp;aje=true&amp;id=071115000107&amp;ct=0\" target=\"_blank\">FT<\/a>;&nbsp;<a rel=\"noreferrer noopener\" href=\"http:\/\/www.zdf.de\/ZDFde\/inhalt\/31\/0,1872,7132479,00.html\" target=\"_blank\">ZDF<\/a>;<a rel=\"noreferrer noopener\" href=\"http:\/\/www.spiegel.de\/politik\/deutschland\/0,1518,522293,00.html\" target=\"_blank\">Spiegel;<\/a>&nbsp;<a rel=\"noreferrer noopener\" href=\"http:\/\/www.focus.de\/politik\/deutschland\/debatte_aid_228827.html\" target=\"_blank\">Focus<\/a>;&nbsp;<a rel=\"noreferrer noopener\" href=\"http:\/\/www.nytimes.com\/2007\/04\/06\/business\/businessspecial\/20070408_EXECPAY_GRAPHIC.html\" target=\"_blank\">NYT<\/a>;<\/p>\n\n\n\n<h3 class=\"wp-block-heading\">Leadership &amp; Personalf\u00fchrung<\/h3>\n\n\n<div class=\"wp-block-image is-resized\">\n<figure class=\"alignleft\"><img loading=\"lazy\" decoding=\"async\" width=\"320\" height=\"320\" src=\"http:\/\/hemueller.de\/wp-content\/uploads\/2019\/07\/hbm-2.jpg\" alt=\"\" class=\"wp-image-136\" style=\"width:159px;height:auto\" srcset=\"https:\/\/hemueller.de\/wp-content\/uploads\/2019\/07\/hbm-2.jpg 320w, https:\/\/hemueller.de\/wp-content\/uploads\/2019\/07\/hbm-2-150x150.jpg 150w, https:\/\/hemueller.de\/wp-content\/uploads\/2019\/07\/hbm-2-300x300.jpg 300w\" sizes=\"auto, (max-width: 320px) 100vw, 320px\" \/><\/figure>\n<\/div>\n\n\n<p><a rel=\"noreferrer noopener\" aria-label=\"Wie Global Player den Wettbewerb f\u00fchren: (\u00f6ffnet in neuem Tab)\" href=\"https:\/\/www.harvardbusinessmanager.de\/heft\/d-20786936.html\" target=\"_blank\">Wie Global Player den Wettbewerb f\u00fchren:<\/a> In Harvard Business Manager  <\/p>\n\n\n\n<p><strong>Global Leadership Development:<\/strong>&nbsp;<a rel=\"noreferrer noopener\" href=\"http:\/\/www.hemueller.de\/files\/eibaihrm.pdf\" target=\"_blank\">Discussion paper<\/a>&nbsp;presented at the&nbsp;<a rel=\"noreferrer noopener\" href=\"http:\/\/www.eiba-online.org\/associations\/eiba\/index.asp\" target=\"_blank\">EIBA-<\/a>Conference at&nbsp;<a rel=\"noreferrer noopener\" href=\"http:\/\/www.escp-eap.net\/\" target=\"_blank\">ESCP-EAP&nbsp;<\/a>Paris<\/p>\n\n\n\n<h3 class=\"wp-block-heading\">Outsourcing &amp; Supplier Relations<\/h3>\n\n\n<div class=\"wp-block-image is-resized\">\n<figure class=\"alignleft\"><img loading=\"lazy\" decoding=\"async\" width=\"304\" height=\"448\" src=\"http:\/\/hemueller.de\/wp-content\/uploads\/2019\/07\/hem_hbs230-1.jpg\" alt=\"\" class=\"wp-image-126\" style=\"width:157px;height:auto\" srcset=\"https:\/\/hemueller.de\/wp-content\/uploads\/2019\/07\/hem_hbs230-1.jpg 304w, https:\/\/hemueller.de\/wp-content\/uploads\/2019\/07\/hem_hbs230-1-204x300.jpg 204w\" sizes=\"auto, (max-width: 304px) 100vw, 304px\" \/><\/figure>\n<\/div>\n\n\n<p><a rel=\"noreferrer noopener\" aria-label=\"Autozulieferer: Partner auch in der Krise? (\u00f6ffnet in neuem Tab)\" href=\"https:\/\/www.boeckler.de\/5248.htm?produkt=HBS-004352&amp;chunk=6&amp;jahr=\" target=\"_blank\">Autozulieferer: Partner auch in der Krise?<\/a><br><br>Rezensionen: <strong>&nbsp;<\/strong>VDI-Nachrichten;Automobilwoche;&nbsp;ATZ-Online;&nbsp;Automobil-Industrie;&nbsp;FTD;&nbsp;Offenbacher Post;&nbsp;Beschaffung aktuell 6\/2009;&nbsp;innovations-report;&nbsp;idw-online;&nbsp;AutomotiveIT;&nbsp;BMBF;Kunststoffe\/Hanser;&nbsp;B\u00f6ckler-Impuls;&nbsp;Industrie.de;&nbsp;Ingenieur.de<\/p>\n\n\n\n<p><\/p>\n\n\n\n<p><\/p>\n\n\n\n<div class=\"wp-block-media-text is-stacked-on-mobile is-resized\" style=\"grid-template-columns:32% auto\"><figure class=\"wp-block-media-text__media\"><img loading=\"lazy\" decoding=\"async\" width=\"188\" height=\"283\" src=\"http:\/\/hemueller.de\/wp-content\/uploads\/2019\/07\/out-1.jpg\" alt=\"\" class=\"wp-image-139 size-full\"\/><\/figure><div class=\"wp-block-media-text__content\">\n<p>Hans-Erich M\u00fcller \/ Arno Prangenberg:<br>Outsourcing-Management<a>,<\/a>&nbsp;Handlungsspielr\u00e4ume bei Ausgliederung und Fremdvergabe<br>K\u00f6ln 1997, 450 S.<br><br>Rezensionen: Harvard Business Manager; <a aria-label=\"Frankfurter Allgemeine Zeitung (\u00f6ffnet in neuem Tab)\" href=\"https:\/\/www.faz.net\/aktuell\/feuilleton\/wirtschaft\/rezension-sachbuch-outsourcing-und-mitbestimmung-11310205.html\" target=\"_blank\" rel=\"noreferrer noopener\">Frankfurter Allgemeine Zeitung<\/a>;<a href=\"http:\/\/www.faz.net\/s\/Rub2E8C985607B44756884B7A1383CD205C\/Doc~E884EE2D298644F1E9CDA1A95116EC2F4~ATpl~Ecommon~Scontent.html\">&nbsp;<\/a>OrganisationsEntwicklung<\/p>\n<\/div><\/div>\n\n\n\n<div class=\"wp-block-group is-nowrap is-layout-flex wp-container-core-group-is-layout-ad2f72ca wp-block-group-is-layout-flex\">\n<p class=\"has-text-align-left\"><\/p>\n<\/div>\n\n\n\n<p><br><\/p>\n","protected":false},"excerpt":{"rendered":"<p>Hattrick: HWR-Jahrgangsbeste Andreas Scheel&nbsp;(2010),&nbsp;Martin Wrobel&nbsp;(2008),Yasmine Chahed (2004) Unternehmensf\u00fchrung \/ Strategie Hans-Erich M\u00fcller\/Martin Wrobel: Unternehmensf\u00fchrung. Strategie &#8211; Management &#8211; Praxis. 5. vollst\u00e4ndig \u00fcberarbeitete und erweiterte Auflage. Berlin\/Boston 2025. (Flyer) \u201eEin&nbsp;grundlegend neuer, integrierter Ansatz&nbsp;f\u00fcr Managementlehre und Unternehmenspraxis\u201c Mit&nbsp;Videoclips unter Selected Management Clips Performance &amp; Executive Pay Vorstandsverg\u00fctung:&nbsp;Erfolgskriterien f\u00fcr die angemessene Vorstandsverg\u00fctung Yasmine Chahed und Hans-Erich Mueller:Unternehmenserfolg und &hellip; <a href=\"https:\/\/hemueller.de\/?page_id=165\" class=\"more-link\"><span class=\"screen-reader-text\">Profil<\/span> weiterlesen <span class=\"meta-nav\">&rarr;<\/span><\/a><\/p>\n","protected":false},"author":1,"featured_media":0,"parent":0,"menu_order":0,"comment_status":"closed","ping_status":"closed","template":"","meta":{"footnotes":""},"class_list":["post-165","page","type-page","status-publish","hentry"],"_links":{"self":[{"href":"https:\/\/hemueller.de\/index.php?rest_route=\/wp\/v2\/pages\/165","targetHints":{"allow":["GET"]}}],"collection":[{"href":"https:\/\/hemueller.de\/index.php?rest_route=\/wp\/v2\/pages"}],"about":[{"href":"https:\/\/hemueller.de\/index.php?rest_route=\/wp\/v2\/types\/page"}],"author":[{"embeddable":true,"href":"https:\/\/hemueller.de\/index.php?rest_route=\/wp\/v2\/users\/1"}],"replies":[{"embeddable":true,"href":"https:\/\/hemueller.de\/index.php?rest_route=%2Fwp%2Fv2%2Fcomments&post=165"}],"version-history":[{"count":165,"href":"https:\/\/hemueller.de\/index.php?rest_route=\/wp\/v2\/pages\/165\/revisions"}],"predecessor-version":[{"id":631,"href":"https:\/\/hemueller.de\/index.php?rest_route=\/wp\/v2\/pages\/165\/revisions\/631"}],"wp:attachment":[{"href":"https:\/\/hemueller.de\/index.php?rest_route=%2Fwp%2Fv2%2Fmedia&parent=165"}],"curies":[{"name":"wp","href":"https:\/\/api.w.org\/{rel}","templated":true}]}}