{"id":2,"date":"2016-05-10T03:48:21","date_gmt":"2016-05-10T03:48:21","guid":{"rendered":"http:\/\/hemueller.com\/?page_id=2"},"modified":"2022-02-23T10:05:30","modified_gmt":"2022-02-23T10:05:30","slug":"sample-page","status":"publish","type":"page","link":"https:\/\/hemueller.de\/?page_id=2","title":{"rendered":"Vita"},"content":{"rendered":"<table width=\"100%\">\n<tbody>\n<tr>\n<td width=\"100%\">\n<table width=\"100%\">\n<tbody>\n<tr>\n<td width=\"21%\"><img loading=\"lazy\" decoding=\"async\" class=\"alignnone  wp-image-81\" src=\"https:\/\/hemueller.files.wordpress.com\/2015\/12\/hemueller.jpg?w=119&amp;h=152\" sizes=\"auto, (max-width: 119px) 100vw, 119px\" srcset=\"https:\/\/hemueller.files.wordpress.com\/2015\/12\/hemueller.jpg?w=119&amp;h=152 119w, https:\/\/hemueller.files.wordpress.com\/2015\/12\/hemueller.jpg?w=238&amp;h=304 238w, https:\/\/hemueller.files.wordpress.com\/2015\/12\/hemueller.jpg?w=234&amp;h=300 234w\" alt=\"HEMueller\" width=\"119\" height=\"152\" data-attachment-id=\"81\" data-permalink=\"https:\/\/hemueller.wordpress.com\/hemueller\/\" data-orig-file=\"https:\/\/hemueller.files.wordpress.com\/2015\/12\/hemueller.jpg\" data-orig-size=\"413,530\" data-comments-opened=\"0\" data-image-meta=\"{&quot;aperture&quot;:&quot;0&quot;,&quot;credit&quot;:&quot;&quot;,&quot;camera&quot;:&quot;&quot;,&quot;caption&quot;:&quot;&quot;,&quot;created_timestamp&quot;:&quot;0&quot;,&quot;copyright&quot;:&quot;&quot;,&quot;focal_length&quot;:&quot;0&quot;,&quot;iso&quot;:&quot;0&quot;,&quot;shutter_speed&quot;:&quot;0&quot;,&quot;title&quot;:&quot;&quot;,&quot;orientation&quot;:&quot;1&quot;}\" data-image-title=\"HEMueller\" data-image-description=\"\" data-medium-file=\"https:\/\/hemueller.files.wordpress.com\/2015\/12\/hemueller.jpg?w=234\" data-large-file=\"https:\/\/hemueller.files.wordpress.com\/2015\/12\/hemueller.jpg?w=413\" \/><\/td>\n<td width=\"79%\">Prof. Dr. Hans-Erich M\u00fcller<br \/>\n<a href=\"https:\/\/www.hwr-berlin.de\">Hochschule f\u00fcr Wirtschaft und Recht\u00a0Berlin<\/a><br \/>\nFachbereich I<br \/>\nBerlin School of Economics and Law<br \/>\nBadensche Stra\u00dfe 50\/51<br \/>\n10825 Berlin<br \/>\ne-mail:\u00a0<a href=\"mailto:hem@hemueller.de\">hem(at)hemueller.de<\/a><\/td>\n<\/tr>\n<\/tbody>\n<\/table>\n<p><strong>Prof. Dr. Hans-Erich M\u00fcller<\/strong><\/p>\n<p>Professor f\u00fcr Unternehmensf\u00fchrung und Organisation<br \/>\nHochschule f\u00fcr Wirtschaft und Recht Berlin<\/p>\n<p><strong>Dr. Hans-Erich\u00a0<\/strong><b>M\u00fcller <\/b>ist\u00a0\u00a0seit 1995 als Professor f\u00fcr Unternehmensf\u00fchrung und Organisation an der Hochschule f\u00fcr Wirtschaft und Recht Berlin t\u00e4tig. Sein besonderer Schwerpunkt sind dabei die internationalen und kooperativen (Siemens-) Studieng\u00e4nge.<\/p>\n<p>Prof. Dr. Hans-Erich M\u00fcller ist spezialisiert auf die Bereiche Strategisches Management, Organisation und Personalmanagement. Er ist Autor zahlreicher Publikationen, zuletzt zu Unternehmensf\u00fchrung, Vorstandsverg\u00fctung und Value Based Management, Lieferantenbeziehungen, Outsourcing, Merger &amp; Acquisitions und Internationale F\u00fchrungskr\u00e4ftepolitik. Au\u00dferdem ist er als Gastdozent, Unternehmensberater und als Referent bei Seminaren und Kongressen t\u00e4tig.<\/p>\n<p>Zum Werdegang:<br \/>\nHans-Erich M\u00fcller studierte nach Ausbildung und einigen Jahren Berufst\u00e4tigkeit in der Industrie Elektrotechnik und Betriebswirtschaftslehre in Berlin. Von 1976 bis 1984 war er in Forschung und Lehre am Wissenschaftszentrum und an der Freien Universit\u00e4t Berlin t\u00e4tig. Nach der Promotion 1984 wechselte er zur Hans-B\u00f6ckler-Stiftung in D\u00fcsseldorf und erwarb in dieser Rolle Erfahrungen als Unternehmensberater f\u00fcr gro\u00dfe, international t\u00e4tige Unternehmen und in Aufsichtsr\u00e4ten. 1994 ging er wieder nach Berlin und gr\u00fcndete dort die Dr. M\u00fcller &amp; Partner Unternehmensberatung GmbH. 1995 erhielt er dann einen Ruf an die Fachhochschule f\u00fcr Wirtschaft Berlin, heute Hochschule f\u00fcr Wirtschaft und Recht. Als Gastdozent war er u.a. an der Reims Management School und an der ESSCA in Frankreich t\u00e4tig.<\/p>\n<p>Links:\u00a0<a href=\"https:\/\/www.hwr-berlin.de\">HWR<\/a><a href=\"http:\/\/www.hwr-berlin.de\/fachbereich-wirtschaftswissenschaften\/kontakt\/personen\/detail\/hans-erich-mueller\/\">;\u00a0<\/a>\u00a0<a href=\"http:\/\/www.brainguide.de\/hans-erich-mueller\">Brainguide;\u00a0<\/a><\/td>\n<\/tr>\n<tr>\n<td width=\"100%\">\n<table width=\"100%\">\n<tbody>\n<tr>\n<td width=\"99%\"><strong>Dr. Hans-Erich Mueller<\/strong>\u00a0is working as a \u00a0professor for management and organization at Berlin School of Economics since 1995. He is especially focused on international and postgraduate studies.Prof. Dr. Hans Erich Mueller is specialized on Strategic Management, Organization and Human Resource Management. He is an author of several publications, recently about\u00a0strategic management, executive pay and value based management, supply chain management, outsourcing, merger &amp; acquisitions and international HRM. He is also a guest lecturer, consultant and a well known speaker at seminars and conferences. Hans Erich Mueller studied Electronics and Management in Berlin after his apprenticeship and first professional experience in industry. From 1976 until 1984 he previously held teaching and research appointments at FHW-Berlin School of Economics, the Social Science Research Center Berlin and the Freie Universit\u00e4t at Berlin. In the year 1984 he made his Ph.D. and started as a management consultant at Hans Boeckler Foundation, D\u00fcsseldorf and got experience in corporate supervisory boards.\u00a0In 1994 he established the Dr. M\u00fcller &amp; Partner, Corporate Consultants, Ltd. in Berlin. Since 1995 he is a professor at the Berlin School of Economics. He has a rich experience as a guest lecturer, for example at Reims Management School and ESSCA in France.<\/td>\n<\/tr>\n<\/tbody>\n<\/table>\n<\/td>\n<\/tr>\n<\/tbody>\n<\/table>\n","protected":false},"excerpt":{"rendered":"<p>Prof. Dr. Hans-Erich M\u00fcller Hochschule f\u00fcr Wirtschaft und Recht\u00a0Berlin Fachbereich I Berlin School of Economics and Law Badensche Stra\u00dfe 50\/51 10825 Berlin e-mail:\u00a0hem(at)hemueller.de Prof. Dr. Hans-Erich M\u00fcller Professor f\u00fcr Unternehmensf\u00fchrung und Organisation Hochschule f\u00fcr Wirtschaft und Recht Berlin Dr. Hans-Erich\u00a0M\u00fcller ist\u00a0\u00a0seit 1995 als Professor f\u00fcr Unternehmensf\u00fchrung und Organisation an der Hochschule f\u00fcr Wirtschaft und Recht &hellip; <a href=\"https:\/\/hemueller.de\/?page_id=2\" class=\"more-link\"><span class=\"screen-reader-text\">Vita<\/span> weiterlesen <span class=\"meta-nav\">&rarr;<\/span><\/a><\/p>\n","protected":false},"author":1,"featured_media":0,"parent":0,"menu_order":0,"comment_status":"closed","ping_status":"closed","template":"","meta":{"footnotes":""},"class_list":["post-2","page","type-page","status-publish","hentry"],"_links":{"self":[{"href":"https:\/\/hemueller.de\/index.php?rest_route=\/wp\/v2\/pages\/2","targetHints":{"allow":["GET"]}}],"collection":[{"href":"https:\/\/hemueller.de\/index.php?rest_route=\/wp\/v2\/pages"}],"about":[{"href":"https:\/\/hemueller.de\/index.php?rest_route=\/wp\/v2\/types\/page"}],"author":[{"embeddable":true,"href":"https:\/\/hemueller.de\/index.php?rest_route=\/wp\/v2\/users\/1"}],"replies":[{"embeddable":true,"href":"https:\/\/hemueller.de\/index.php?rest_route=%2Fwp%2Fv2%2Fcomments&post=2"}],"version-history":[{"count":10,"href":"https:\/\/hemueller.de\/index.php?rest_route=\/wp\/v2\/pages\/2\/revisions"}],"predecessor-version":[{"id":562,"href":"https:\/\/hemueller.de\/index.php?rest_route=\/wp\/v2\/pages\/2\/revisions\/562"}],"wp:attachment":[{"href":"https:\/\/hemueller.de\/index.php?rest_route=%2Fwp%2Fv2%2Fmedia&parent=2"}],"curies":[{"name":"wp","href":"https:\/\/api.w.org\/{rel}","templated":true}]}}