{"id":36,"date":"2019-07-31T11:09:29","date_gmt":"2019-07-31T11:09:29","guid":{"rendered":"http:\/\/hemueller.com\/?page_id=36"},"modified":"2019-08-04T13:55:27","modified_gmt":"2019-08-04T13:55:27","slug":"beratung","status":"publish","type":"page","link":"https:\/\/hemueller.de\/?page_id=36","title":{"rendered":"Beratung"},"content":{"rendered":"\n<blockquote class=\"wp-block-quote is-layout-flow wp-block-quote-is-layout-flow\"><p><strong>Unternehmensberatung und Training<br><\/strong>Consulting and Training<\/p><\/blockquote>\n\n\n\n<hr class=\"wp-block-separator\"\/>\n\n\n\n<p><strong>&nbsp;Workshops zu aktuellen Themen wie:<\/strong><\/p>\n\n\n\n<ul class=\"wp-block-list\"><li>Managementwissen:\u00a0<a href=\"http:\/\/hemueller.de\/wp-content\/uploads\/2019\/07\/HEM_UF_-A_Seminar_Gen.pdf\" target=\"_blank\" rel=\"noreferrer noopener\" aria-label=\" (\u00f6ffnet in neuem Tab)\">Strategische Unternehmensf\u00fchrung<\/a><\/li><li>Konzernsteuerung <\/li><li>Leadership \u2013 Wirksam f\u00fchren\u00a0<\/li><li>\u00dcbernahme und Restrukturierung<\/li><li>Ausgliederung und Fremdvergabe<\/li><li>Besch\u00e4ftigungs-Management in der Praxis<\/li><\/ul>\n\n\n\n<p>Beratung in den Bereichen:&nbsp;<\/p>\n\n\n\n<ul class=\"wp-block-list\"><li>Unternehmensf\u00fchrung und Organisation&nbsp;<\/li><li>Outsourcing und Restrukturierung<\/li><li>Changemanagement<\/li><li>Personalmanagement<\/li><li>Mitbestimmung<\/li><\/ul>\n\n\n\n<p><strong>Branchenschwerpunkte:<\/strong><\/p>\n\n\n\n<ul class=\"wp-block-list\"><li>Energieversorgung<\/li><li>Technologieunternehmen<\/li><li>Weitere Industrie- und Dienstleistungsunternehmen<\/li><\/ul>\n\n\n\n<p><strong>Materialien:<\/strong><\/p>\n\n\n\n<ul class=\"wp-block-list\"><li>Besch\u00e4ftigungssicherung:&nbsp;Instrumente;&nbsp;Beispiel EVU<\/li><li><a rel=\"noreferrer noopener\" href=\"http:\/\/www.hemueller.de\/files\/eibaihrm.pdf\" target=\"_blank\">G<\/a>lobal Leadership Development<\/li><li>Outsourcing<\/li><li>Restrukturierung: Organisationskonzepte<\/li><li>Restrukturierung: Internationale Organisationsstrategie<\/li><li>u.a.m.<\/li><\/ul>\n\n\n\n<p><\/p>\n","protected":false},"excerpt":{"rendered":"<p>Unternehmensberatung und TrainingConsulting and Training &nbsp;Workshops zu aktuellen Themen wie: Managementwissen:\u00a0Strategische Unternehmensf\u00fchrung Konzernsteuerung Leadership \u2013 Wirksam f\u00fchren\u00a0 \u00dcbernahme und Restrukturierung Ausgliederung und Fremdvergabe Besch\u00e4ftigungs-Management in der Praxis Beratung in den Bereichen:&nbsp; Unternehmensf\u00fchrung und Organisation&nbsp; Outsourcing und Restrukturierung Changemanagement Personalmanagement Mitbestimmung Branchenschwerpunkte: Energieversorgung Technologieunternehmen Weitere Industrie- und Dienstleistungsunternehmen Materialien: Besch\u00e4ftigungssicherung:&nbsp;Instrumente;&nbsp;Beispiel EVU Global Leadership Development Outsourcing Restrukturierung: &hellip; <a href=\"https:\/\/hemueller.de\/?page_id=36\" class=\"more-link\"><span class=\"screen-reader-text\">Beratung<\/span> weiterlesen <span class=\"meta-nav\">&rarr;<\/span><\/a><\/p>\n","protected":false},"author":1,"featured_media":0,"parent":0,"menu_order":0,"comment_status":"closed","ping_status":"closed","template":"","meta":{"footnotes":""},"class_list":["post-36","page","type-page","status-publish","hentry"],"_links":{"self":[{"href":"https:\/\/hemueller.de\/index.php?rest_route=\/wp\/v2\/pages\/36","targetHints":{"allow":["GET"]}}],"collection":[{"href":"https:\/\/hemueller.de\/index.php?rest_route=\/wp\/v2\/pages"}],"about":[{"href":"https:\/\/hemueller.de\/index.php?rest_route=\/wp\/v2\/types\/page"}],"author":[{"embeddable":true,"href":"https:\/\/hemueller.de\/index.php?rest_route=\/wp\/v2\/users\/1"}],"replies":[{"embeddable":true,"href":"https:\/\/hemueller.de\/index.php?rest_route=%2Fwp%2Fv2%2Fcomments&post=36"}],"version-history":[{"count":5,"href":"https:\/\/hemueller.de\/index.php?rest_route=\/wp\/v2\/pages\/36\/revisions"}],"predecessor-version":[{"id":383,"href":"https:\/\/hemueller.de\/index.php?rest_route=\/wp\/v2\/pages\/36\/revisions\/383"}],"wp:attachment":[{"href":"https:\/\/hemueller.de\/index.php?rest_route=%2Fwp%2Fv2%2Fmedia&parent=36"}],"curies":[{"name":"wp","href":"https:\/\/api.w.org\/{rel}","templated":true}]}}