{"id":66,"date":"2019-07-31T11:31:13","date_gmt":"2019-07-31T11:31:13","guid":{"rendered":"http:\/\/hemueller.com\/?page_id=66"},"modified":"2025-02-05T20:17:39","modified_gmt":"2025-02-05T20:17:39","slug":"lehre","status":"publish","type":"page","link":"https:\/\/hemueller.de\/?page_id=66","title":{"rendered":"Lehre"},"content":{"rendered":"\n<h3 class=\"wp-block-heading\">Werkzeuge:<\/h3>\n\n\n\n<ul class=\"wp-block-list\"><li><a rel=\"noreferrer noopener\" aria-label=\" (\u00f6ffnet in neuem Tab)\" href=\"http:\/\/hemueller.de\/wp-content\/uploads\/2019\/08\/tipsschlechte.pdf\" target=\"_blank\">Tipps f\u00fcr schlechte Abschlussarbeiten<\/a><\/li><li><a rel=\"noreferrer noopener\" aria-label=\" (\u00f6ffnet in neuem Tab)\" href=\"http:\/\/hemueller.de\/wp-content\/uploads\/2019\/08\/Outline-Academic-papers-rev-.doc\" target=\"_blank\">D\u00f6rrenb\u00e4cher: Outline Academic Papers<\/a><\/li><li><a href=\"https:\/\/www.econbiz.de\/eb\/fileadmin\/ik_broschuere\/schreibe_deine_beste_hausarbeit_booklet.pdf\">EconBiz: Schreibe Deine beste Hausarbeit<\/a><\/li><li><a href=\"https:\/\/www.pearson.de\/the-pyramid-principle-9781292372266\">Pyramid thinking (Barbara Minto)<\/a>, auch auf YouTube<\/li><li><a rel=\"noreferrer noopener\" aria-label=\" (\u00f6ffnet in neuem Tab)\" href=\"http:\/\/hemueller.de\/wp-content\/uploads\/2019\/08\/apa_cit.pdf\" target=\"_blank\">Zitterweise Apa Rules<\/a><\/li><li><a rel=\"noreferrer noopener\" aria-label=\" (\u00f6ffnet in neuem Tab)\" href=\"http:\/\/hemueller.de\/wp-content\/uploads\/2019\/08\/evaluation-form.pdf\" target=\"_blank\">Pr\u00e4sentationen: Evaluationen<\/a><\/li><li><a href=\"https:\/\/www.spiegel.de\/netzwelt\/tech\/im-powerpoint-nirvana-beamer-an-hirn-aus-a-630918.html\">Powerpoint: Beamer an, Hirn aus<\/a><\/li><li><a href=\"https:\/\/journals.plos.org\/plosone\/article?id=10.1371\/journal.pone.0305354\">KI und Gerechtigkeit<\/a> bei Pr\u00fcfungen<\/li><\/ul>\n\n\n\n<h3 class=\"wp-block-heading\">&nbsp;<strong>Sprechstunden:&nbsp;&nbsp;<\/strong><\/h3>\n\n\n\n<ul class=\"wp-block-list\"><li>W\u00e4hrend der Vorlesungszeit: In der HWR.<\/li><li>Please contact in advance via hem(at)hemueller.de<\/li><\/ul>\n\n\n\n<h3 class=\"wp-block-heading\"><strong>Lehre Hauptstudium<\/strong><\/h3>\n\n\n\n<p><strong>Strategisches Management<br>(Bachelor)<\/strong><\/p>\n\n\n\n<p><strong>Programm:<\/strong>&nbsp;Er\u00f6ffnung; 1. Grundlagen; 2. Ziele; 3. Strategien; 4. Organisation;&nbsp;5. Internationales;&nbsp;Coaching.<\/p>\n\n\n\n<p><strong>Lehrbuch:<\/strong>&nbsp;<a href=\"https:\/\/www.degruyter.com\/view\/title\/583870\">M\u00fcller, H.-E\/Wrobel, M., Unternehmensf\u00fchrung. Strategie -Management \u2013 Praxis. 4. Auflage.&nbsp;De Gruyter,&nbsp;Berlin\/Boston 2021.<\/a><\/p>\n\n\n\n<p><strong>Methode:&nbsp;<\/strong>Zu den unverzichtbaren Materialen f\u00fcr diesen Kurs geh\u00f6ren: Das&nbsp;<em>Lehrbuch<\/em>. Jeder Student sollte sich die entsprechenden Kapitel aneignen. Die Folien dazu werden zur Verf\u00fcgung gestellt. Eine Mischung aus&nbsp;<em>Vorlesung,<\/em>&nbsp;<em>Fallstudienarbeit<\/em>&nbsp;und&nbsp;<em>Videos<\/em>&nbsp;f\u00f6rdern&nbsp;den Lernprozess.<\/p>\n\n\n\n<p><strong>Quellen:<\/strong>&nbsp;<a rel=\"noreferrer noopener\" aria-label=\" (\u00f6ffnet in neuem Tab)\" href=\"http:\/\/hemueller.de\/wp-content\/uploads\/2019\/08\/threeintub.pdf\" target=\"_blank\">3 People in a Tub;<\/a>&nbsp;<a rel=\"noreferrer noopener\" aria-label=\" (\u00f6ffnet in neuem Tab)\" href=\"http:\/\/hemueller.de\/wp-content\/uploads\/2019\/08\/praesent.pdf\" target=\"_blank\">Pr\u00e4sentieren<\/a>;&nbsp;<a href=\"https:\/\/www.hwr-berlin.de\/hwr-berlin\/serviceeinrichtungen\/bibliotheken\/\" target=\"_blank\" rel=\"noreferrer noopener\" aria-label=\"HWR-Bibliothek; (\u00f6ffnet in neuem Tab)\">HWR-Bibliothek;<\/a>&nbsp;<a href=\"http:\/\/www.wiso-net.de\/indiv_startseiten\/index.html?WID=42742-7880004-12029_1\">WISO<\/a>;&nbsp;<a href=\"http:\/\/www.ecch.cranfield.ac.uk\/\">Case C<\/a><a rel=\"noreferrer noopener\" aria-label=\"entre (\u00f6ffnet in neuem Tab)\" href=\"https:\/\/www.thecasecentre.org\/main\/\" target=\"_blank\">entre<\/a>;&nbsp;<a aria-label=\"entre (\u00f6ffnet in neuem Tab)\" href=\"https:\/\/selmanclips.com\/\">Selected Management Clips<\/a><\/p>\n","protected":false},"excerpt":{"rendered":"<p>Werkzeuge: Tipps f\u00fcr schlechte Abschlussarbeiten D\u00f6rrenb\u00e4cher: Outline Academic Papers EconBiz: Schreibe Deine beste Hausarbeit Pyramid thinking (Barbara Minto), auch auf YouTube Zitterweise Apa Rules Pr\u00e4sentationen: Evaluationen Powerpoint: Beamer an, Hirn aus KI und Gerechtigkeit bei Pr\u00fcfungen &nbsp;Sprechstunden:&nbsp;&nbsp; W\u00e4hrend der Vorlesungszeit: In der HWR. Please contact in advance via hem(at)hemueller.de Lehre Hauptstudium Strategisches Management(Bachelor) Programm:&nbsp;Er\u00f6ffnung; 1. &hellip; <a href=\"https:\/\/hemueller.de\/?page_id=66\" class=\"more-link\"><span class=\"screen-reader-text\">Lehre<\/span> weiterlesen <span class=\"meta-nav\">&rarr;<\/span><\/a><\/p>\n","protected":false},"author":1,"featured_media":0,"parent":0,"menu_order":0,"comment_status":"closed","ping_status":"closed","template":"","meta":{"footnotes":""},"class_list":["post-66","page","type-page","status-publish","hentry"],"_links":{"self":[{"href":"https:\/\/hemueller.de\/index.php?rest_route=\/wp\/v2\/pages\/66","targetHints":{"allow":["GET"]}}],"collection":[{"href":"https:\/\/hemueller.de\/index.php?rest_route=\/wp\/v2\/pages"}],"about":[{"href":"https:\/\/hemueller.de\/index.php?rest_route=\/wp\/v2\/types\/page"}],"author":[{"embeddable":true,"href":"https:\/\/hemueller.de\/index.php?rest_route=\/wp\/v2\/users\/1"}],"replies":[{"embeddable":true,"href":"https:\/\/hemueller.de\/index.php?rest_route=%2Fwp%2Fv2%2Fcomments&post=66"}],"version-history":[{"count":33,"href":"https:\/\/hemueller.de\/index.php?rest_route=\/wp\/v2\/pages\/66\/revisions"}],"predecessor-version":[{"id":583,"href":"https:\/\/hemueller.de\/index.php?rest_route=\/wp\/v2\/pages\/66\/revisions\/583"}],"wp:attachment":[{"href":"https:\/\/hemueller.de\/index.php?rest_route=%2Fwp%2Fv2%2Fmedia&parent=66"}],"curies":[{"name":"wp","href":"https:\/\/api.w.org\/{rel}","templated":true}]}}